{"id":4048,"date":"2025-05-23T15:05:29","date_gmt":"2025-05-23T15:05:29","guid":{"rendered":"https:\/\/das-spiel-deines-lebens.ch\/mentions-legales\/"},"modified":"2025-05-27T07:38:52","modified_gmt":"2025-05-27T07:38:52","slug":"mentions-legales","status":"publish","type":"page","link":"https:\/\/www.das-spiel-deines-lebens.ch\/fr\/mentions-legales\/","title":{"rendered":"Mentions l\u00e9gales"},"content":{"rendered":"\t\t<div data-elementor-type=\"wp-page\" data-elementor-id=\"4048\" class=\"elementor elementor-4048 elementor-3852\" data-elementor-post-type=\"page\">\n\t\t\t\t<div class=\"elementor-element elementor-element-0447959 e-flex e-con-boxed e-con e-parent\" data-id=\"0447959\" data-element_type=\"container\">\n\t\t\t\t\t<div class=\"e-con-inner\">\n\t\t\t\t<div class=\"elementor-element elementor-element-4bf0cf1 elementor-widget elementor-widget-heading\" data-id=\"4bf0cf1\" data-element_type=\"widget\" data-widget_type=\"heading.default\">\n\t\t\t\t<div class=\"elementor-widget-container\">\n\t\t\t\t\t<h2 class=\"elementor-heading-title elementor-size-default\">Mentions l\u00e9gales<\/h2>\t\t\t\t<\/div>\n\t\t\t\t<\/div>\n\t\t\t\t<div class=\"elementor-element elementor-element-8f5f573 elementor-widget elementor-widget-heading\" data-id=\"8f5f573\" data-element_type=\"widget\" data-widget_type=\"heading.default\">\n\t\t\t\t<div class=\"elementor-widget-container\">\n\t\t\t\t\t<h2 class=\"elementor-heading-title elementor-size-default\">Responsable du contenu<\/h2>\t\t\t\t<\/div>\n\t\t\t\t<\/div>\n\t\t\t\t<div class=\"elementor-element elementor-element-469a94a elementor-widget elementor-widget-text-editor\" data-id=\"469a94a\" data-element_type=\"widget\" data-widget_type=\"text-editor.default\">\n\t\t\t\t<div class=\"elementor-widget-container\">\n\t\t\t\t\t\t\t\t\t<p>Fonds de s\u00e9curit\u00e9 routi\u00e8re FSR<br>Monbijoustrasse 43<br>3011 Berne<\/p><p>info@fvs.ch<\/p><p>+41 31 350 51 11<\/p>\t\t\t\t\t\t\t\t<\/div>\n\t\t\t\t<\/div>\n\t\t\t\t<div class=\"elementor-element elementor-element-5145c9b elementor-widget elementor-widget-heading\" data-id=\"5145c9b\" data-element_type=\"widget\" data-widget_type=\"heading.default\">\n\t\t\t\t<div class=\"elementor-widget-container\">\n\t\t\t\t\t<h2 class=\"elementor-heading-title elementor-size-default\">D\u00e9tenteur de la d\u00e9cision<\/h2>\t\t\t\t<\/div>\n\t\t\t\t<\/div>\n\t\t\t\t<div class=\"elementor-element elementor-element-0cac272 elementor-widget elementor-widget-text-editor\" data-id=\"0cac272\" data-element_type=\"widget\" data-widget_type=\"text-editor.default\">\n\t\t\t\t<div class=\"elementor-widget-container\">\n\t\t\t\t\t\t\t\t\t<p>Family AG<br>Industriestrasse 5<br>8610 Uster<\/p><p>+41 41 500 07 01<\/p><p>info@das-spiel-deines-lebens.ch<\/p>\t\t\t\t\t\t\t\t<\/div>\n\t\t\t\t<\/div>\n\t\t\t\t<div class=\"elementor-element elementor-element-3a571d1 elementor-widget elementor-widget-heading\" data-id=\"3a571d1\" data-element_type=\"widget\" data-widget_type=\"heading.default\">\n\t\t\t\t<div class=\"elementor-widget-container\">\n\t\t\t\t\t<h2 class=\"elementor-heading-title elementor-size-default\">Conception, design et programmation<\/h2>\t\t\t\t<\/div>\n\t\t\t\t<\/div>\n\t\t\t\t<div class=\"elementor-element elementor-element-56d91a0 elementor-widget elementor-widget-text-editor\" data-id=\"56d91a0\" data-element_type=\"widget\" data-widget_type=\"text-editor.default\">\n\t\t\t\t<div class=\"elementor-widget-container\">\n\t\t\t\t\t\t\t\t\t<p><span data-contrast=\"none\">Family AG<br><\/span><span data-contrast=\"none\">Industriestrasse 5<br><\/span><span data-contrast=\"none\">8610 Uster<\/span><\/p><p><span data-contrast=\"none\">+41 41 500 07 01<\/span><\/p><p><span data-contrast=\"none\">family.agency<\/span><span data-ccp-props=\"{\"201341983\":0,\"335559740\":276}\"> <\/span><\/p>\t\t\t\t\t\t\t\t<\/div>\n\t\t\t\t<\/div>\n\t\t\t\t\t<\/div>\n\t\t\t\t<\/div>\n\t\t\t\t<\/div>\n\t\t","protected":false},"excerpt":{"rendered":"<p>Mentions l\u00e9gales Responsable du contenu Fonds de s\u00e9curit\u00e9 routi\u00e8re FSRMonbijoustrasse 433011 Berne info@fvs.ch +41 31 350 51 11 D\u00e9tenteur de la d\u00e9cision Family AGIndustriestrasse 58610 Uster +41 41 500 07 01 info@das-spiel-deines-lebens.ch Conception, design et programmation Family AGIndustriestrasse 58610 Uster +41 41 500 07 01 family.agency<\/p>\n","protected":false},"author":1,"featured_media":0,"parent":0,"menu_order":0,"comment_status":"closed","ping_status":"closed","template":"elementor_header_footer","meta":{"footnotes":""},"class_list":["post-4048","page","type-page","status-publish","hentry"],"_links":{"self":[{"href":"https:\/\/www.das-spiel-deines-lebens.ch\/fr\/wp-json\/wp\/v2\/pages\/4048","targetHints":{"allow":["GET"]}}],"collection":[{"href":"https:\/\/www.das-spiel-deines-lebens.ch\/fr\/wp-json\/wp\/v2\/pages"}],"about":[{"href":"https:\/\/www.das-spiel-deines-lebens.ch\/fr\/wp-json\/wp\/v2\/types\/page"}],"author":[{"embeddable":true,"href":"https:\/\/www.das-spiel-deines-lebens.ch\/fr\/wp-json\/wp\/v2\/users\/1"}],"replies":[{"embeddable":true,"href":"https:\/\/www.das-spiel-deines-lebens.ch\/fr\/wp-json\/wp\/v2\/comments?post=4048"}],"version-history":[{"count":1,"href":"https:\/\/www.das-spiel-deines-lebens.ch\/fr\/wp-json\/wp\/v2\/pages\/4048\/revisions"}],"predecessor-version":[{"id":5412,"href":"https:\/\/www.das-spiel-deines-lebens.ch\/fr\/wp-json\/wp\/v2\/pages\/4048\/revisions\/5412"}],"wp:attachment":[{"href":"https:\/\/www.das-spiel-deines-lebens.ch\/fr\/wp-json\/wp\/v2\/media?parent=4048"}],"curies":[{"name":"wp","href":"https:\/\/api.w.org\/{rel}","templated":true}]}}