{"id":4041,"date":"2025-05-23T12:23:25","date_gmt":"2025-05-23T12:23:25","guid":{"rendered":"https:\/\/das-spiel-deines-lebens.ch\/initiative\/"},"modified":"2025-06-13T06:51:09","modified_gmt":"2025-06-13T06:51:09","slug":"initiative","status":"publish","type":"page","link":"https:\/\/www.das-spiel-deines-lebens.ch\/fr\/initiative\/","title":{"rendered":"Initiative"},"content":{"rendered":"\t\t<div data-elementor-type=\"wp-page\" data-elementor-id=\"4041\" class=\"elementor elementor-4041 elementor-3716\" data-elementor-post-type=\"page\">\n\t\t\t\t<div class=\"elementor-element elementor-element-157dba1 e-flex e-con-boxed e-con e-parent\" data-id=\"157dba1\" data-element_type=\"container\">\n\t\t\t\t\t<div class=\"e-con-inner\">\n\t\t<div class=\"elementor-element elementor-element-37f48fa intro e-con-full elementor-hidden-tablet elementor-hidden-mobile e-flex e-con e-child\" data-id=\"37f48fa\" data-element_type=\"container\">\n\t\t\t\t<div class=\"elementor-element elementor-element-0a267e9 line-left elementor-widget elementor-widget-image\" data-id=\"0a267e9\" data-element_type=\"widget\" data-widget_type=\"image.default\">\n\t\t\t\t<div class=\"elementor-widget-container\">\n\t\t\t\t\t\t\t\t\t\t\t\t\t\t\t<img fetchpriority=\"high\" decoding=\"async\" width=\"800\" height=\"284\" src=\"https:\/\/www.das-spiel-deines-lebens.ch\/wp-content\/uploads\/2025\/05\/Klammer_Website_2-zeilig-rot_korr-1024x364.png\" class=\"attachment-large size-large wp-image-4010\" alt=\"\" srcset=\"https:\/\/www.das-spiel-deines-lebens.ch\/wp-content\/uploads\/2025\/05\/Klammer_Website_2-zeilig-rot_korr-1024x364.png 1024w, https:\/\/www.das-spiel-deines-lebens.ch\/wp-content\/uploads\/2025\/05\/Klammer_Website_2-zeilig-rot_korr-300x107.png 300w, https:\/\/www.das-spiel-deines-lebens.ch\/wp-content\/uploads\/2025\/05\/Klammer_Website_2-zeilig-rot_korr-768x273.png 768w, https:\/\/www.das-spiel-deines-lebens.ch\/wp-content\/uploads\/2025\/05\/Klammer_Website_2-zeilig-rot_korr-1536x546.png 1536w, https:\/\/www.das-spiel-deines-lebens.ch\/wp-content\/uploads\/2025\/05\/Klammer_Website_2-zeilig-rot_korr.png 1920w\" sizes=\"(max-width: 800px) 100vw, 800px\" \/>\t\t\t\t\t\t\t\t\t\t\t\t\t\t\t<\/div>\n\t\t\t\t<\/div>\n\t\t\t\t<div class=\"elementor-element elementor-element-2e642c2 elementor-widget elementor-widget-heading\" data-id=\"2e642c2\" data-element_type=\"widget\" data-widget_type=\"heading.default\">\n\t\t\t\t<div class=\"elementor-widget-container\">\n\t\t\t\t\t<h2 class=\"elementor-heading-title elementor-size-default\">Un jeu qui peut sauver la vie <br> <\/h2>\t\t\t\t<\/div>\n\t\t\t\t<\/div>\n\t\t\t\t<div class=\"elementor-element elementor-element-f972f5b line-left elementor-widget elementor-widget-image\" data-id=\"f972f5b\" data-element_type=\"widget\" data-widget_type=\"image.default\">\n\t\t\t\t<div class=\"elementor-widget-container\">\n\t\t\t\t\t\t\t\t\t\t\t\t\t\t\t<img decoding=\"async\" width=\"800\" height=\"281\" src=\"https:\/\/www.das-spiel-deines-lebens.ch\/wp-content\/uploads\/2025\/05\/Klammer_Website_2-zeilig-blau_korr-1024x360.png\" class=\"attachment-large size-large wp-image-4008\" alt=\"\" srcset=\"https:\/\/www.das-spiel-deines-lebens.ch\/wp-content\/uploads\/2025\/05\/Klammer_Website_2-zeilig-blau_korr-1024x360.png 1024w, https:\/\/www.das-spiel-deines-lebens.ch\/wp-content\/uploads\/2025\/05\/Klammer_Website_2-zeilig-blau_korr-300x105.png 300w, https:\/\/www.das-spiel-deines-lebens.ch\/wp-content\/uploads\/2025\/05\/Klammer_Website_2-zeilig-blau_korr-768x270.png 768w, https:\/\/www.das-spiel-deines-lebens.ch\/wp-content\/uploads\/2025\/05\/Klammer_Website_2-zeilig-blau_korr-1536x540.png 1536w, https:\/\/www.das-spiel-deines-lebens.ch\/wp-content\/uploads\/2025\/05\/Klammer_Website_2-zeilig-blau_korr.png 1920w\" sizes=\"(max-width: 800px) 100vw, 800px\" \/>\t\t\t\t\t\t\t\t\t\t\t\t\t\t\t<\/div>\n\t\t\t\t<\/div>\n\t\t\t\t<\/div>\n\t\t<div class=\"elementor-element elementor-element-db55fba intro e-con-full elementor-hidden-desktop e-flex e-con e-child\" data-id=\"db55fba\" data-element_type=\"container\">\n\t\t\t\t<div class=\"elementor-element elementor-element-f4dcb21 line-left elementor-widget elementor-widget-image\" data-id=\"f4dcb21\" data-element_type=\"widget\" data-widget_type=\"image.default\">\n\t\t\t\t<div class=\"elementor-widget-container\">\n\t\t\t\t\t\t\t\t\t\t\t\t\t\t\t<img fetchpriority=\"high\" decoding=\"async\" width=\"800\" height=\"284\" src=\"https:\/\/www.das-spiel-deines-lebens.ch\/wp-content\/uploads\/2025\/05\/Klammer_Website_2-zeilig-rot_korr-1024x364.png\" class=\"attachment-large size-large wp-image-4010\" alt=\"\" srcset=\"https:\/\/www.das-spiel-deines-lebens.ch\/wp-content\/uploads\/2025\/05\/Klammer_Website_2-zeilig-rot_korr-1024x364.png 1024w, https:\/\/www.das-spiel-deines-lebens.ch\/wp-content\/uploads\/2025\/05\/Klammer_Website_2-zeilig-rot_korr-300x107.png 300w, https:\/\/www.das-spiel-deines-lebens.ch\/wp-content\/uploads\/2025\/05\/Klammer_Website_2-zeilig-rot_korr-768x273.png 768w, https:\/\/www.das-spiel-deines-lebens.ch\/wp-content\/uploads\/2025\/05\/Klammer_Website_2-zeilig-rot_korr-1536x546.png 1536w, https:\/\/www.das-spiel-deines-lebens.ch\/wp-content\/uploads\/2025\/05\/Klammer_Website_2-zeilig-rot_korr.png 1920w\" sizes=\"(max-width: 800px) 100vw, 800px\" \/>\t\t\t\t\t\t\t\t\t\t\t\t\t\t\t<\/div>\n\t\t\t\t<\/div>\n\t\t\t\t<div class=\"elementor-element elementor-element-a2c454b elementor-widget__width-initial elementor-widget elementor-widget-heading\" data-id=\"a2c454b\" data-element_type=\"widget\" data-widget_type=\"heading.default\">\n\t\t\t\t<div class=\"elementor-widget-container\">\n\t\t\t\t\t<h2 class=\"elementor-heading-title elementor-size-default\">Un jeu qui peut sauver la vie <br> <\/h2>\t\t\t\t<\/div>\n\t\t\t\t<\/div>\n\t\t\t\t<div class=\"elementor-element elementor-element-5df3561 line-left elementor-widget elementor-widget-image\" data-id=\"5df3561\" data-element_type=\"widget\" data-widget_type=\"image.default\">\n\t\t\t\t<div class=\"elementor-widget-container\">\n\t\t\t\t\t\t\t\t\t\t\t\t\t\t\t<img decoding=\"async\" width=\"800\" height=\"281\" src=\"https:\/\/www.das-spiel-deines-lebens.ch\/wp-content\/uploads\/2025\/05\/Klammer_Website_2-zeilig-blau_korr-1024x360.png\" class=\"attachment-large size-large wp-image-4008\" alt=\"\" srcset=\"https:\/\/www.das-spiel-deines-lebens.ch\/wp-content\/uploads\/2025\/05\/Klammer_Website_2-zeilig-blau_korr-1024x360.png 1024w, https:\/\/www.das-spiel-deines-lebens.ch\/wp-content\/uploads\/2025\/05\/Klammer_Website_2-zeilig-blau_korr-300x105.png 300w, https:\/\/www.das-spiel-deines-lebens.ch\/wp-content\/uploads\/2025\/05\/Klammer_Website_2-zeilig-blau_korr-768x270.png 768w, https:\/\/www.das-spiel-deines-lebens.ch\/wp-content\/uploads\/2025\/05\/Klammer_Website_2-zeilig-blau_korr-1536x540.png 1536w, https:\/\/www.das-spiel-deines-lebens.ch\/wp-content\/uploads\/2025\/05\/Klammer_Website_2-zeilig-blau_korr.png 1920w\" sizes=\"(max-width: 800px) 100vw, 800px\" \/>\t\t\t\t\t\t\t\t\t\t\t\t\t\t\t<\/div>\n\t\t\t\t<\/div>\n\t\t\t\t<\/div>\n\t\t<div class=\"elementor-element elementor-element-2cb5e9a e-con-full e-flex e-con e-child\" data-id=\"2cb5e9a\" data-element_type=\"container\">\n\t\t\t\t<div class=\"elementor-element elementor-element-cdbf9c6 elementor-widget elementor-widget-heading\" data-id=\"cdbf9c6\" data-element_type=\"widget\" data-widget_type=\"heading.default\">\n\t\t\t\t<div class=\"elementor-widget-container\">\n\t\t\t\t\t<h2 class=\"elementor-heading-title elementor-size-default\">A propos de l'initiative :  <\/h2>\t\t\t\t<\/div>\n\t\t\t\t<\/div>\n\t\t\t\t<div class=\"elementor-element elementor-element-630703d elementor-widget elementor-widget-text-editor\" data-id=\"630703d\" data-element_type=\"widget\" data-widget_type=\"text-editor.default\">\n\t\t\t\t<div class=\"elementor-widget-container\">\n\t\t\t\t\t\t\t\t\t<p><span class=\"TextRun SCXW203452058 BCX0\" lang=\"DE-CH\" data-contrast=\"none\"><span class=\"NormalTextRun CommentHighlightRest SCXW203452058 BCX0\" data-ccp-parastyle=\"Normal (Web)\">La nouvelle campagne nationale de pr\u00e9vention <\/span><\/span><span class=\"TextRun MacChromeBold SCXW203452058 BCX0\" lang=\"DE-CH\" data-contrast=\"none\"><span class=\"NormalTextRun CommentHighlightRest SCXW203452058 BCX0\" data-ccp-parastyle=\"Normal (Web)\">\u00ab Le jeu de ta vie \u00bb<\/span><\/span><span class=\"TextRun SCXW203452058 BCX0\" lang=\"DE-CH\" data-contrast=\"none\"><span class=\"NormalTextRun CommentHighlightRest SCXW203452058 BCX0\" data-ccp-parastyle=\"Normal (Web)\"> du site <\/span><\/span><span class=\"TextRun MacChromeBold SCXW203452058 BCX0\" lang=\"DE-CH\" data-contrast=\"none\"><span class=\"NormalTextRun CommentHighlightRest SCXW203452058 BCX0\" data-ccp-parastyle=\"Normal (Web)\">Fonds de s\u00e9curit\u00e9 routi\u00e8re (FSR)<\/span><\/span><span class=\"TextRun SCXW203452058 BCX0\" lang=\"DE-CH\" data-contrast=\"none\"><span class=\"NormalTextRun CommentHighlightRest SCXW203452058 BCX0\" data-ccp-parastyle=\"Normal (Web)\"> attire l&rsquo;attention sur <\/span><\/span><span class=\"TextRun MacChromeBold SCXW203452058 BCX0\" lang=\"DE-CH\" data-contrast=\"none\"><span class=\"NormalTextRun CommentHighlightRest SCXW203452058 BCX0\" data-ccp-parastyle=\"Normal (Web)\">Surestimation de soi et illusion de contr\u00f4le dans la circulation routi\u00e8re<\/span><\/span><span class=\"TextRun SCXW203452058 BCX0\" lang=\"DE-CH\" xml:lang=\"DE-CH\" data-contrast=\"none\"><span class=\"NormalTextRun CommentHighlightRest SCXW203452058 BCX0\" data-ccp-parastyle=\"Normal (Web)\"> une cause fr\u00e9quente d&rsquo;accidents de v\u00e9los et de v\u00e9los \u00e9lectriques en Suisse. En 2024, plus de 1 000 cyclistes ont \u00e9t\u00e9 bless\u00e9s, dont 45 mortellement (source: <a href=\"https:\/\/www.newsd.admin.ch\/newsd\/message\/attachments\/92348.pdf\" target=\"_blank\" rel=\"noopener\">OFROU<\/a>). La campagne met en sc\u00e8ne la vie quotidienne dans les transports sous la forme d&rsquo;un jeu t\u00e9l\u00e9vis\u00e9 provocateur et vise ainsi \u00e0 sensibiliser aux risques et \u00e0 sauver des vies.<\/span><\/span><\/p>\t\t\t\t\t\t\t\t<\/div>\n\t\t\t\t<\/div>\n\t\t\t\t<\/div>\n\t\t\t\t\t<\/div>\n\t\t\t\t<\/div>\n\t\t\t\t<\/div>\n\t\t","protected":false},"excerpt":{"rendered":"<p>Un jeu qui peut sauver la vie Un jeu qui peut sauver la vie A propos de l&rsquo;initiative : La nouvelle campagne nationale de pr\u00e9vention \u00ab Le jeu de ta vie \u00bb du site Fonds de s\u00e9curit\u00e9 routi\u00e8re (FSR) attire l&rsquo;attention sur Surestimation de soi et illusion de contr\u00f4le dans la circulation routi\u00e8re une cause [&hellip;]<\/p>\n","protected":false},"author":1,"featured_media":5230,"parent":0,"menu_order":0,"comment_status":"closed","ping_status":"closed","template":"elementor_header_footer","meta":{"footnotes":""},"class_list":["post-4041","page","type-page","status-publish","has-post-thumbnail","hentry"],"_links":{"self":[{"href":"https:\/\/www.das-spiel-deines-lebens.ch\/fr\/wp-json\/wp\/v2\/pages\/4041","targetHints":{"allow":["GET"]}}],"collection":[{"href":"https:\/\/www.das-spiel-deines-lebens.ch\/fr\/wp-json\/wp\/v2\/pages"}],"about":[{"href":"https:\/\/www.das-spiel-deines-lebens.ch\/fr\/wp-json\/wp\/v2\/types\/page"}],"author":[{"embeddable":true,"href":"https:\/\/www.das-spiel-deines-lebens.ch\/fr\/wp-json\/wp\/v2\/users\/1"}],"replies":[{"embeddable":true,"href":"https:\/\/www.das-spiel-deines-lebens.ch\/fr\/wp-json\/wp\/v2\/comments?post=4041"}],"version-history":[{"count":15,"href":"https:\/\/www.das-spiel-deines-lebens.ch\/fr\/wp-json\/wp\/v2\/pages\/4041\/revisions"}],"predecessor-version":[{"id":5775,"href":"https:\/\/www.das-spiel-deines-lebens.ch\/fr\/wp-json\/wp\/v2\/pages\/4041\/revisions\/5775"}],"wp:featuredmedia":[{"embeddable":true,"href":"https:\/\/www.das-spiel-deines-lebens.ch\/fr\/wp-json\/wp\/v2\/media\/5230"}],"wp:attachment":[{"href":"https:\/\/www.das-spiel-deines-lebens.ch\/fr\/wp-json\/wp\/v2\/media?parent=4041"}],"curies":[{"name":"wp","href":"https:\/\/api.w.org\/{rel}","templated":true}]}}